{"id":11,"date":"2025-07-04T12:29:59","date_gmt":"2025-07-04T12:29:59","guid":{"rendered":"http:\/\/www.urainterior.com\/?page_id=11"},"modified":"2025-09-22T21:18:42","modified_gmt":"2025-09-22T21:18:42","slug":"hakkimizda","status":"publish","type":"page","link":"http:\/\/www.urainterior.com\/?page_id=11","title":{"rendered":"Hakk\u0131m\u0131zda"},"content":{"rendered":"<p><svg aria-hidden=\"true\" viewBox=\"0 0 512 512\" xmlns=\"http:\/\/www.w3.org\/2000\/svg\"><path d=\"M464 256h-80v-64c0-35.3 28.7-64 64-64h8c13.3 0 24-10.7 24-24V56c0-13.3-10.7-24-24-24h-8c-88.4 0-160 71.6-160 160v240c0 26.5 21.5 48 48 48h128c26.5 0 48-21.5 48-48V304c0-26.5-21.5-48-48-48zm-288 0H96v-64c0-35.3 28.7-64 64-64h8c13.3 0 24-10.7 24-24V56c0-13.3-10.7-24-24-24h-8C71.6 32 0 103.6 0 192v240c0 26.5 21.5 48 48 48h128c26.5 0 48-21.5 48-48V304c0-26.5-21.5-48-48-48z\"><\/path><\/svg>\t\t\t<\/p>\n<p>Bir sanat yap\u0131t\u0131 y\u00fcr\u00fcyen ya da ko\u015fan, canl\u0131 bir \u015fey de\u011fildir. Bir ya\u015fam\u0131n yarat\u0131lmas\u0131d\u0131r. Sizde bir tepki uyand\u0131rand\u0131r. Kimine g\u00f6re insan elinin mucizesidir. Kimine g\u00f6re zihnin, kimine g\u00f6re tekni\u011fin mucizesidir. Asl\u0131nda sanat yap\u0131t\u0131 bizi anlatand\u0131r, insano\u011flunun yapabildi\u011fini do\u011fan\u0131n yapamad\u0131\u011f\u0131d\u0131r.\u00a0<\/p>\n<p>\t\t\t<svg aria-hidden=\"true\" viewBox=\"0 0 512 512\" xmlns=\"http:\/\/www.w3.org\/2000\/svg\"><path d=\"M464 32H336c-26.5 0-48 21.5-48 48v128c0 26.5 21.5 48 48 48h80v64c0 35.3-28.7 64-64 64h-8c-13.3 0-24 10.7-24 24v48c0 13.3 10.7 24 24 24h8c88.4 0 160-71.6 160-160V80c0-26.5-21.5-48-48-48zm-288 0H48C21.5 32 0 53.5 0 80v128c0 26.5 21.5 48 48 48h80v64c0 35.3-28.7 64-64 64h-8c-13.3 0-24 10.7-24 24v48c0 13.3 10.7 24 24 24h8c88.4 0 160-71.6 160-160V80c0-26.5-21.5-48-48-48z\"><\/path><\/svg>\t\t\t<\/p>\n<p>Louis Kahn<\/p>\n<p>Tasar\u0131m, \u00e7ok y\u00f6nl\u00fc d\u00fc\u015f\u00fcnmeyi gerektiren bir i\u015ftir. \u0130\u00e7inde bir\u00e7ok eylemi bar\u0131nd\u0131r\u0131r; d\u00fc\u015f\u00fcnmek, planlamak ve hayata ge\u00e7irmek. URA Mimarl\u0131k, tasar\u0131mda minimalizmi, s\u00fcreklili\u011fi ve do\u011fall\u0131\u011f\u0131 kabul eden; birbirlerini gerek hayal g\u00fcc\u00fc, gerekse teknik anlamda tamamlayan iki gen\u00e7 i\u00e7 mimar taraf\u0131ndan kurulmu\u015ftur.\u00a0<\/p>\n<p>Mekan tasar\u0131m\u0131nda de\u011fi\u015fmeyen tek unsur insand\u0131r. URA Mimarl\u0131k olarak amac\u0131m\u0131z, t\u00fcm mekanlarda kullan\u0131c\u0131lar\u0131n ihtiya\u00e7lar\u0131 ve zevkleri do\u011frultusunda, estetik, fonksiyonel ve ak\u0131llara kaz\u0131nacak tasar\u0131mlar\u0131 ger\u00e7e\u011fe d\u00f6n\u00fc\u015ft\u00fcrmektir. Bizim i\u00e7in \u00f6nemli olan; uygulad\u0131\u011f\u0131m\u0131z ve uygulayaca\u011f\u0131m\u0131z her mekanda, orada ya\u015fayan, \u00e7al\u0131\u015fan veya herhangi bir sebepten bulunan insanlar\u0131n kendilerini rahat ve g\u00fcvende hissederek mutlu vakit ge\u00e7irmeleridir.<\/p>\n<h2>K\u00fcbra \u015eAH\u0130N<\/h2>\n<h2>B\u00fc\u015fra YILMAZ<\/h2>\n<p>1995 \u0130stanbul do\u011fumludur. 2018 y\u0131l\u0131nda FMV I\u015f\u0131k \u00dcniversitesi, Mimarl\u0131k ve Tasar\u0131m Fak\u00fcltesi, \u0130\u00e7 Mimarl\u0131k ve \u00c7evre Tasar\u0131m\u0131 b\u00f6l\u00fcm\u00fcnden birincilikle mezun olmu\u015ftur. Lisans \u00f6\u011fretiminin son d\u00f6neminde sekt\u00f6rde \u00e7al\u0131\u015fmaya ba\u015flam\u0131\u015f, \u00e7e\u015fitli konut, ofis ve ma\u011faza projelerinin \u00e7izim ve \u015fantiye s\u00fcre\u00e7lerinde yer alm\u0131\u015ft\u0131r. Daha sonra ofis mobilyalar\u0131 \u00fcretimi yapan bir firmada mobilya tasar\u0131m ve \u00fcretim s\u00fcre\u00e7leri konusunda deneyim kazanm\u0131\u015ft\u0131r. 2019 y\u0131l\u0131ndan itibaren URA Mimarl\u0131k b\u00fcnyesinde kurucu ortak olarak g\u00f6rev almaktad\u0131r.\u00a0<\/p>\n<p>1995 \u0130stanbul do\u011fumludur. 2018 y\u0131l\u0131nda FMV I\u015f\u0131k \u00dcniversitesi, Mimarl\u0131k ve Tasar\u0131m Fak\u00fcltesi, \u0130\u00e7 Mimarl\u0131k ve \u00c7evre Tasar\u0131m\u0131 b\u00f6l\u00fcm\u00fcnden ikincilikle mezun olmu\u015ftur. \u00c7e\u015fitli konut ve otel projelerinin \u00e7izim ve \u015fantiye s\u00fcre\u00e7lerinde yer alm\u0131\u015ft\u0131r. Bu s\u00fcre\u00e7te \u00e7al\u0131\u015ft\u0131\u011f\u0131 firman\u0131n mobilya at\u00f6lyesinde mobilya \u00fcretim s\u00fcre\u00e7lerini yak\u0131ndan incelemi\u015f ve bu konuda deneyim kazanm\u0131\u015ft\u0131r. 2019 y\u0131l\u0131ndan itibaren URA Mimarl\u0131k b\u00fcnyesinde kurucu ortak olarak g\u00f6rev almaktad\u0131r.\u00a0<\/p>\n","protected":false},"excerpt":{"rendered":"<p>Bir sanat yap\u0131t\u0131 y\u00fcr\u00fcyen ya da ko\u015fan, canl\u0131 bir \u015fey de\u011fildir. Bir ya\u015fam\u0131n yarat\u0131lmas\u0131d\u0131r. Sizde bir tepki uyand\u0131rand\u0131r. Kimine g\u00f6re insan elinin mucizesidir. Kimine g\u00f6re zihnin, kimine g\u00f6re tekni\u011fin mucizesidir. Asl\u0131nda sanat yap\u0131t\u0131 bizi anlatand\u0131r, insano\u011flunun yapabildi\u011fini do\u011fan\u0131n yapamad\u0131\u011f\u0131d\u0131r.\u00a0 Louis Kahn Tasar\u0131m, \u00e7ok y\u00f6nl\u00fc d\u00fc\u015f\u00fcnmeyi gerektiren bir i\u015ftir. \u0130\u00e7inde bir\u00e7ok eylemi bar\u0131nd\u0131r\u0131r; d\u00fc\u015f\u00fcnmek, planlamak ve [&hellip;]<\/p>\n","protected":false},"author":1,"featured_media":0,"parent":0,"menu_order":0,"comment_status":"closed","ping_status":"closed","template":"","meta":{"ocean_post_layout":"full-screen","ocean_both_sidebars_style":"","ocean_both_sidebars_content_width":0,"ocean_both_sidebars_sidebars_width":0,"ocean_sidebar":"","ocean_second_sidebar":"","ocean_disable_margins":"enable","ocean_add_body_class":"","ocean_shortcode_before_top_bar":"","ocean_shortcode_after_top_bar":"","ocean_shortcode_before_header":"","ocean_shortcode_after_header":"","ocean_has_shortcode":"","ocean_shortcode_after_title":"","ocean_shortcode_before_footer_widgets":"","ocean_shortcode_after_footer_widgets":"","ocean_shortcode_before_footer_bottom":"","ocean_shortcode_after_footer_bottom":"","ocean_display_top_bar":"default","ocean_display_header":"default","ocean_header_style":"","ocean_center_header_left_menu":"","ocean_custom_header_template":"","ocean_custom_logo":0,"ocean_custom_retina_logo":0,"ocean_custom_logo_max_width":0,"ocean_custom_logo_tablet_max_width":0,"ocean_custom_logo_mobile_max_width":0,"ocean_custom_logo_max_height":0,"ocean_custom_logo_tablet_max_height":0,"ocean_custom_logo_mobile_max_height":0,"ocean_header_custom_menu":"","ocean_menu_typo_font_family":"","ocean_menu_typo_font_subset":"","ocean_menu_typo_font_size":0,"ocean_menu_typo_font_size_tablet":0,"ocean_menu_typo_font_size_mobile":0,"ocean_menu_typo_font_size_unit":"px","ocean_menu_typo_font_weight":"","ocean_menu_typo_font_weight_tablet":"","ocean_menu_typo_font_weight_mobile":"","ocean_menu_typo_transform":"","ocean_menu_typo_transform_tablet":"","ocean_menu_typo_transform_mobile":"","ocean_menu_typo_line_height":0,"ocean_menu_typo_line_height_tablet":0,"ocean_menu_typo_line_height_mobile":0,"ocean_menu_typo_line_height_unit":"","ocean_menu_typo_spacing":0,"ocean_menu_typo_spacing_tablet":0,"ocean_menu_typo_spacing_mobile":0,"ocean_menu_typo_spacing_unit":"","ocean_menu_link_color":"","ocean_menu_link_color_hover":"","ocean_menu_link_color_active":"","ocean_menu_link_background":"","ocean_menu_link_hover_background":"","ocean_menu_link_active_background":"","ocean_menu_social_links_bg":"","ocean_menu_social_hover_links_bg":"","ocean_menu_social_links_color":"","ocean_menu_social_hover_links_color":"","ocean_disable_title":"on","ocean_disable_heading":"default","ocean_post_title":"","ocean_post_subheading":"","ocean_post_title_style":"","ocean_post_title_background_color":"","ocean_post_title_background":0,"ocean_post_title_bg_image_position":"","ocean_post_title_bg_image_attachment":"","ocean_post_title_bg_image_repeat":"","ocean_post_title_bg_image_size":"","ocean_post_title_height":0,"ocean_post_title_bg_overlay":0.5,"ocean_post_title_bg_overlay_color":"","ocean_disable_breadcrumbs":"default","ocean_breadcrumbs_color":"","ocean_breadcrumbs_separator_color":"","ocean_breadcrumbs_links_color":"","ocean_breadcrumbs_links_hover_color":"","ocean_display_footer_widgets":"default","ocean_display_footer_bottom":"default","ocean_custom_footer_template":"","footnotes":""},"class_list":["post-11","page","type-page","status-publish","hentry","entry"],"_links":{"self":[{"href":"http:\/\/www.urainterior.com\/index.php?rest_route=\/wp\/v2\/pages\/11","targetHints":{"allow":["GET"]}}],"collection":[{"href":"http:\/\/www.urainterior.com\/index.php?rest_route=\/wp\/v2\/pages"}],"about":[{"href":"http:\/\/www.urainterior.com\/index.php?rest_route=\/wp\/v2\/types\/page"}],"author":[{"embeddable":true,"href":"http:\/\/www.urainterior.com\/index.php?rest_route=\/wp\/v2\/users\/1"}],"replies":[{"embeddable":true,"href":"http:\/\/www.urainterior.com\/index.php?rest_route=%2Fwp%2Fv2%2Fcomments&post=11"}],"version-history":[{"count":20,"href":"http:\/\/www.urainterior.com\/index.php?rest_route=\/wp\/v2\/pages\/11\/revisions"}],"predecessor-version":[{"id":471,"href":"http:\/\/www.urainterior.com\/index.php?rest_route=\/wp\/v2\/pages\/11\/revisions\/471"}],"wp:attachment":[{"href":"http:\/\/www.urainterior.com\/index.php?rest_route=%2Fwp%2Fv2%2Fmedia&parent=11"}],"curies":[{"name":"wp","href":"https:\/\/api.w.org\/{rel}","templated":true}]}}